{"id":23,"date":"2021-11-11T07:33:00","date_gmt":"2021-11-11T06:33:00","guid":{"rendered":"https:\/\/themify.me\/demo\/themes\/ultra-restaurant\/?page_id=5628"},"modified":"2026-04-24T15:52:12","modified_gmt":"2026-04-24T13:52:12","slug":"domov","status":"publish","type":"page","link":"https:\/\/tematinska.yummycantina.sk\/","title":{"rendered":"Domov"},"content":{"rendered":"<!--themify_builder_content-->\n<div id=\"themify_builder_content-23\" data-postid=\"23\" class=\"themify_builder_content themify_builder_content-23 themify_builder tf_clear\">\n                    <div  data-parallax-bg=\"mobile\" data-lazy=\"1\" class=\"module_row themify_builder_row tb_bdmv124 tb_first tf_w\">\n            <span  class=\"builder_row_cover tf_abs\" data-lazy=\"1\"><\/span>            <div class=\"row_inner col_align_top tb_col_count_1 tf_box tf_rel\">\n                        <div  data-lazy=\"1\" class=\"module_column tb-column col-full tb_2tby124 first\">\n                    <!-- module fancy heading -->\n<div  class=\"module module-fancy-heading tb_wetp125  tb_hide_divider wow\" data-tf-animation=\"fadeInDown\" data-lazy=\"1\">\n        <h1 class=\"fancy-heading tf_textc\">\n    <span class=\"main-head tf_block\">\n                    <span class=\"maketable\">\n\t\t\t\t\t\t\t<span class=\"addBorder\"><\/span>\n\t\t\t\t\t\t\t<span class=\"fork-icon\"><\/span>\n\t\t\t\t\t\t\t<span class=\"addBorder\"><\/span>\n\t\t\t\t\t\t\t<\/span>\n\t\t\t\t\t\t\tYummy Temat\u00ednska\n\t\t\t\t\t\t\t<span class=\"bottomBorder\"><\/span>            <\/span>\n\n    \n    <span class=\"sub-head tf_block tf_rel\">\n                    Vitajte na            <\/span>\n    <\/h1>\n<\/div>\n<!-- \/module fancy heading -->\n<!-- module text -->\n<div  class=\"module module-text tb_3ovx125    wow\" data-tf-animation=\"fadeInDown\" data-lazy=\"1\">\n        <div  class=\"tb_text_wrap\">\n        <p>TEL: <a href=\"tel:+421 911 120 026\">+<\/a><a class=\"preSlide slideIn\" href=\"tel:0910894444\" target=\"_blank\" rel=\"noopener\" data-animation-role=\"header-element\">0910 894 444<\/a><\/p>    <\/div>\n<\/div>\n<!-- \/module text -->        <\/div>\n                        <\/div>\n        <\/div>\n                        <div  data-lazy=\"1\" class=\"module_row themify_builder_row tb_2832905 tf_w\">\n                        <div class=\"row_inner col_align_top tb_col_count_1 tf_box tf_rel\">\n                        <div  data-lazy=\"1\" class=\"module_column tb-column col-full tb_2qqq905 first\">\n                    <!-- module image -->\n<div  class=\"module module-image tb_6rdg362 image-top  menu_img auto_fullwidth tf_mw\" data-lazy=\"1\" id=\"menu_img\">\n        <div class=\"image-wrap tf_rel tf_mw\">\n            <a href=\"https:\/\/tematinska.yummycantina.sk\" rel=\"noopener\" target=\"_blank\">\n                   <img loading=\"lazy\" decoding=\"async\" width=\"1811\" height=\"2560\" src=\"https:\/\/tematinska.yummycantina.sk\/wp-content\/uploads\/2026\/04\/NEW-NORMAL-MENU-INTERACTIVE-27.04.-01.05.2026_1-maj-scaled.jpg\" class=\"wp-post-image wp-image-965\" title=\"NEW NORMAL MENU INTERACTIVE 27.04.- 01.05.2026_1 maj\" alt=\"Denn\u00e9 obedov\u00e9 menu kant\u00edna petr\u017ealka\" srcset=\"https:\/\/tematinska.yummycantina.sk\/wp-content\/uploads\/2026\/04\/NEW-NORMAL-MENU-INTERACTIVE-27.04.-01.05.2026_1-maj-scaled.jpg 1811w, https:\/\/tematinska.yummycantina.sk\/wp-content\/uploads\/2026\/04\/NEW-NORMAL-MENU-INTERACTIVE-27.04.-01.05.2026_1-maj-212x300.jpg 212w, https:\/\/tematinska.yummycantina.sk\/wp-content\/uploads\/2026\/04\/NEW-NORMAL-MENU-INTERACTIVE-27.04.-01.05.2026_1-maj-724x1024.jpg 724w, https:\/\/tematinska.yummycantina.sk\/wp-content\/uploads\/2026\/04\/NEW-NORMAL-MENU-INTERACTIVE-27.04.-01.05.2026_1-maj-768x1086.jpg 768w, https:\/\/tematinska.yummycantina.sk\/wp-content\/uploads\/2026\/04\/NEW-NORMAL-MENU-INTERACTIVE-27.04.-01.05.2026_1-maj-1086x1536.jpg 1086w, https:\/\/tematinska.yummycantina.sk\/wp-content\/uploads\/2026\/04\/NEW-NORMAL-MENU-INTERACTIVE-27.04.-01.05.2026_1-maj-1448x2048.jpg 1448w\" sizes=\"auto, (max-width: 1811px) 100vw, 1811px\" \/>        <\/a>\n    \n        <\/div>\n    <!-- \/image-wrap -->\n    \n        <\/div>\n<!-- \/module image -->        <\/div>\n                        <\/div>\n        <\/div>\n                        <div  data-css_id=\"3ejg970\" data-lazy=\"1\" class=\"module_row themify_builder_row fullwidth tb_3ejg970 tf_w\">\n                        <div class=\"row_inner col_align_top tb_col_count_1 tf_box tf_rel\">\n                        <div  data-lazy=\"1\" class=\"module_column tb-column col-full tb_lcgk983 first\">\n                            <\/div>\n                        <\/div>\n        <\/div>\n        <\/div>\n<!--\/themify_builder_content-->","protected":false},"excerpt":{"rendered":"<p>TEL: +0910 894 444<\/p>\n","protected":false},"author":1,"featured_media":110,"parent":0,"menu_order":0,"comment_status":"closed","ping_status":"closed","template":"","meta":{"footnotes":""},"class_list":["post-23","page","type-page","status-publish","has-post-thumbnail","hentry","has-post-title","has-post-date","has-post-category","has-post-tag","has-post-comment","has-post-author",""],"yoast_head":"<!-- This site is optimized with the Yoast SEO plugin v17.5 - https:\/\/yoast.com\/wordpress\/plugins\/seo\/ -->\n<title>Domov - Yummy Temat\u00ednska<\/title>\n<meta name=\"description\" content=\"Va\u0161e menu vieme zostavi\u0165 na mieru. Nemus\u00edte sa obmedzova\u0165 na\u0161\u00edm jed\u00e1lnym l\u00edstkom. Predstavte n\u00e1m Va\u0161e po\u017eiadavky a vyplnte n\u00e1\u0161 kontaktn\u00fd formul\u00e1r. Sp\u00e4tne V\u00e1m odo\u0161leme e-mail s cenovou ponukou.\" \/>\n<meta name=\"robots\" content=\"index, follow, max-snippet:-1, max-image-preview:large, max-video-preview:-1\" \/>\n<link rel=\"canonical\" href=\"https:\/\/tematinska.yummycantina.sk\/\" \/>\n<meta property=\"og:locale\" content=\"sk_SK\" \/>\n<meta property=\"og:type\" content=\"article\" \/>\n<meta property=\"og:title\" content=\"Domov - Yummy Temat\u00ednska\" \/>\n<meta property=\"og:description\" content=\"Va\u0161e menu vieme zostavi\u0165 na mieru. Nemus\u00edte sa obmedzova\u0165 na\u0161\u00edm jed\u00e1lnym l\u00edstkom. Predstavte n\u00e1m Va\u0161e po\u017eiadavky a vyplnte n\u00e1\u0161 kontaktn\u00fd formul\u00e1r. Sp\u00e4tne V\u00e1m odo\u0161leme e-mail s cenovou ponukou.\" \/>\n<meta property=\"og:url\" content=\"https:\/\/tematinska.yummycantina.sk\/\" \/>\n<meta property=\"og:site_name\" content=\"Yummy Temat\u00ednska\" \/>\n<meta property=\"article:modified_time\" content=\"2026-04-24T13:52:12+00:00\" \/>\n<meta property=\"og:image\" content=\"https:\/\/tematinska.yummycantina.sk\/wp-content\/uploads\/2021\/10\/yummy-e1634137002894.png\" \/>\n\t<meta property=\"og:image:width\" content=\"457\" \/>\n\t<meta property=\"og:image:height\" content=\"254\" \/>\n<meta name=\"twitter:card\" content=\"summary_large_image\" \/>\n<script type=\"application\/ld+json\" class=\"yoast-schema-graph\">{\"@context\":\"https:\/\/schema.org\",\"@graph\":[{\"@type\":\"Organization\",\"@id\":\"https:\/\/tematinska.yummycantina.sk\/#organization\",\"name\":\"Yummy Temat\\u00ednska\",\"url\":\"https:\/\/tematinska.yummycantina.sk\/\",\"sameAs\":[],\"logo\":{\"@type\":\"ImageObject\",\"@id\":\"https:\/\/tematinska.yummycantina.sk\/#logo\",\"inLanguage\":\"sk-SK\",\"url\":\"https:\/\/tematinska.yummycantina.sk\/wp-content\/uploads\/2021\/10\/yummy-e1634137002894.png\",\"contentUrl\":\"https:\/\/tematinska.yummycantina.sk\/wp-content\/uploads\/2021\/10\/yummy-e1634137002894.png\",\"width\":457,\"height\":254,\"caption\":\"Yummy Temat\\u00ednska\"},\"image\":{\"@id\":\"https:\/\/tematinska.yummycantina.sk\/#logo\"}},{\"@type\":\"WebSite\",\"@id\":\"https:\/\/tematinska.yummycantina.sk\/#website\",\"url\":\"https:\/\/tematinska.yummycantina.sk\/\",\"name\":\"Yummy Temat\\u00ednska\",\"description\":\"Temat\\u00ednska\",\"publisher\":{\"@id\":\"https:\/\/tematinska.yummycantina.sk\/#organization\"},\"potentialAction\":[{\"@type\":\"SearchAction\",\"target\":{\"@type\":\"EntryPoint\",\"urlTemplate\":\"https:\/\/tematinska.yummycantina.sk\/?s={search_term_string}\"},\"query-input\":\"required name=search_term_string\"}],\"inLanguage\":\"sk-SK\"},{\"@type\":\"ImageObject\",\"@id\":\"https:\/\/tematinska.yummycantina.sk\/#primaryimage\",\"inLanguage\":\"sk-SK\",\"url\":\"https:\/\/tematinska.yummycantina.sk\/wp-content\/uploads\/2021\/10\/yummy-e1634137002894.png\",\"contentUrl\":\"https:\/\/tematinska.yummycantina.sk\/wp-content\/uploads\/2021\/10\/yummy-e1634137002894.png\",\"width\":457,\"height\":254},{\"@type\":\"WebPage\",\"@id\":\"https:\/\/tematinska.yummycantina.sk\/#webpage\",\"url\":\"https:\/\/tematinska.yummycantina.sk\/\",\"name\":\"Domov - Yummy Temat\\u00ednska\",\"isPartOf\":{\"@id\":\"https:\/\/tematinska.yummycantina.sk\/#website\"},\"primaryImageOfPage\":{\"@id\":\"https:\/\/tematinska.yummycantina.sk\/#primaryimage\"},\"datePublished\":\"2021-11-11T06:33:00+00:00\",\"dateModified\":\"2026-04-24T13:52:12+00:00\",\"description\":\"Va\\u0161e menu vieme zostavi\\u0165 na mieru. Nemus\\u00edte sa obmedzova\\u0165 na\\u0161\\u00edm jed\\u00e1lnym l\\u00edstkom. Predstavte n\\u00e1m Va\\u0161e po\\u017eiadavky a vyplnte n\\u00e1\\u0161 kontaktn\\u00fd formul\\u00e1r. Sp\\u00e4tne V\\u00e1m odo\\u0161leme e-mail s cenovou ponukou.\",\"breadcrumb\":{\"@id\":\"https:\/\/tematinska.yummycantina.sk\/#breadcrumb\"},\"inLanguage\":\"sk-SK\",\"potentialAction\":[{\"@type\":\"ReadAction\",\"target\":[\"https:\/\/tematinska.yummycantina.sk\/\"]}]},{\"@type\":\"BreadcrumbList\",\"@id\":\"https:\/\/tematinska.yummycantina.sk\/#breadcrumb\",\"itemListElement\":[{\"@type\":\"ListItem\",\"position\":1,\"name\":\"Domovsk\\u00e1 str\\u00e1nka\",\"item\":\"https:\/\/tematinska.yummycantina.sk\/\"},{\"@type\":\"ListItem\",\"position\":2,\"name\":\"Domov\"}]}]}<\/script>\n<!-- \/ Yoast SEO plugin. -->","yoast_head_json":{"title":"Domov - Yummy Temat\u00ednska","description":"Va\u0161e menu vieme zostavi\u0165 na mieru. Nemus\u00edte sa obmedzova\u0165 na\u0161\u00edm jed\u00e1lnym l\u00edstkom. Predstavte n\u00e1m Va\u0161e po\u017eiadavky a vyplnte n\u00e1\u0161 kontaktn\u00fd formul\u00e1r. Sp\u00e4tne V\u00e1m odo\u0161leme e-mail s cenovou ponukou.","robots":{"index":"index","follow":"follow","max-snippet":"max-snippet:-1","max-image-preview":"max-image-preview:large","max-video-preview":"max-video-preview:-1"},"canonical":"https:\/\/tematinska.yummycantina.sk\/","og_locale":"sk_SK","og_type":"article","og_title":"Domov - Yummy Temat\u00ednska","og_description":"Va\u0161e menu vieme zostavi\u0165 na mieru. Nemus\u00edte sa obmedzova\u0165 na\u0161\u00edm jed\u00e1lnym l\u00edstkom. Predstavte n\u00e1m Va\u0161e po\u017eiadavky a vyplnte n\u00e1\u0161 kontaktn\u00fd formul\u00e1r. Sp\u00e4tne V\u00e1m odo\u0161leme e-mail s cenovou ponukou.","og_url":"https:\/\/tematinska.yummycantina.sk\/","og_site_name":"Yummy Temat\u00ednska","article_modified_time":"2026-04-24T13:52:12+00:00","og_image":[{"width":457,"height":254,"url":"https:\/\/tematinska.yummycantina.sk\/wp-content\/uploads\/2021\/10\/yummy-e1634137002894.png","type":"image\/png"}],"twitter_card":"summary_large_image","schema":{"@context":"https:\/\/schema.org","@graph":[{"@type":"Organization","@id":"https:\/\/tematinska.yummycantina.sk\/#organization","name":"Yummy Temat\u00ednska","url":"https:\/\/tematinska.yummycantina.sk\/","sameAs":[],"logo":{"@type":"ImageObject","@id":"https:\/\/tematinska.yummycantina.sk\/#logo","inLanguage":"sk-SK","url":"https:\/\/tematinska.yummycantina.sk\/wp-content\/uploads\/2021\/10\/yummy-e1634137002894.png","contentUrl":"https:\/\/tematinska.yummycantina.sk\/wp-content\/uploads\/2021\/10\/yummy-e1634137002894.png","width":457,"height":254,"caption":"Yummy Temat\u00ednska"},"image":{"@id":"https:\/\/tematinska.yummycantina.sk\/#logo"}},{"@type":"WebSite","@id":"https:\/\/tematinska.yummycantina.sk\/#website","url":"https:\/\/tematinska.yummycantina.sk\/","name":"Yummy Temat\u00ednska","description":"Temat\u00ednska","publisher":{"@id":"https:\/\/tematinska.yummycantina.sk\/#organization"},"potentialAction":[{"@type":"SearchAction","target":{"@type":"EntryPoint","urlTemplate":"https:\/\/tematinska.yummycantina.sk\/?s={search_term_string}"},"query-input":"required name=search_term_string"}],"inLanguage":"sk-SK"},{"@type":"ImageObject","@id":"https:\/\/tematinska.yummycantina.sk\/#primaryimage","inLanguage":"sk-SK","url":"https:\/\/tematinska.yummycantina.sk\/wp-content\/uploads\/2021\/10\/yummy-e1634137002894.png","contentUrl":"https:\/\/tematinska.yummycantina.sk\/wp-content\/uploads\/2021\/10\/yummy-e1634137002894.png","width":457,"height":254},{"@type":"WebPage","@id":"https:\/\/tematinska.yummycantina.sk\/#webpage","url":"https:\/\/tematinska.yummycantina.sk\/","name":"Domov - Yummy Temat\u00ednska","isPartOf":{"@id":"https:\/\/tematinska.yummycantina.sk\/#website"},"primaryImageOfPage":{"@id":"https:\/\/tematinska.yummycantina.sk\/#primaryimage"},"datePublished":"2021-11-11T06:33:00+00:00","dateModified":"2026-04-24T13:52:12+00:00","description":"Va\u0161e menu vieme zostavi\u0165 na mieru. Nemus\u00edte sa obmedzova\u0165 na\u0161\u00edm jed\u00e1lnym l\u00edstkom. Predstavte n\u00e1m Va\u0161e po\u017eiadavky a vyplnte n\u00e1\u0161 kontaktn\u00fd formul\u00e1r. Sp\u00e4tne V\u00e1m odo\u0161leme e-mail s cenovou ponukou.","breadcrumb":{"@id":"https:\/\/tematinska.yummycantina.sk\/#breadcrumb"},"inLanguage":"sk-SK","potentialAction":[{"@type":"ReadAction","target":["https:\/\/tematinska.yummycantina.sk\/"]}]},{"@type":"BreadcrumbList","@id":"https:\/\/tematinska.yummycantina.sk\/#breadcrumb","itemListElement":[{"@type":"ListItem","position":1,"name":"Domovsk\u00e1 str\u00e1nka","item":"https:\/\/tematinska.yummycantina.sk\/"},{"@type":"ListItem","position":2,"name":"Domov"}]}]}},"builder_content":"<h1>Yummy Temat\u00ednska<br\/>Vitajte na<\/h1>\n<p>TEL: <a href=\"tel:+421 911 120 026\">+<\/a><a href=\"tel:0910894444\" target=\"_blank\" rel=\"noopener\" data-animation-role=\"header-element\">0910 894 444<\/a><\/p>\n<a href=\"https:\/\/tematinska.yummycantina.sk\" rel=\"noopener\" target=\"_blank\"> <img src=\"https:\/\/tematinska.yummycantina.sk\/wp-content\/uploads\/2026\/04\/NEW-NORMAL-MENU-INTERACTIVE-27.04.-01.05.2026_1-maj-scaled.jpg\" title=\"NEW NORMAL MENU INTERACTIVE 27.04.- 01.05.2026_1 maj\" alt=\"Denn\u00e9 obedov\u00e9 menu kant\u00edna petr\u017ealka\" srcset=\"https:\/\/tematinska.yummycantina.sk\/wp-content\/uploads\/2026\/04\/NEW-NORMAL-MENU-INTERACTIVE-27.04.-01.05.2026_1-maj-scaled.jpg 1811w, https:\/\/tematinska.yummycantina.sk\/wp-content\/uploads\/2026\/04\/NEW-NORMAL-MENU-INTERACTIVE-27.04.-01.05.2026_1-maj-212x300.jpg 212w, https:\/\/tematinska.yummycantina.sk\/wp-content\/uploads\/2026\/04\/NEW-NORMAL-MENU-INTERACTIVE-27.04.-01.05.2026_1-maj-724x1024.jpg 724w, https:\/\/tematinska.yummycantina.sk\/wp-content\/uploads\/2026\/04\/NEW-NORMAL-MENU-INTERACTIVE-27.04.-01.05.2026_1-maj-768x1086.jpg 768w, https:\/\/tematinska.yummycantina.sk\/wp-content\/uploads\/2026\/04\/NEW-NORMAL-MENU-INTERACTIVE-27.04.-01.05.2026_1-maj-1086x1536.jpg 1086w, https:\/\/tematinska.yummycantina.sk\/wp-content\/uploads\/2026\/04\/NEW-NORMAL-MENU-INTERACTIVE-27.04.-01.05.2026_1-maj-1448x2048.jpg 1448w\" sizes=\"(max-width: 1811px) 100vw, 1811px\" \/> <\/a>\n<h2>Fotografie<br\/>Na\u0161e jedl\u00e1<\/h2>\n<a href=\"https:\/\/themify.me\/demo\/themes\/ultra-restaurant\/files\/2016\/08\/tofu-1024x674.jpg\"> <img src=\"https:\/\/themify.me\/demo\/themes\/ultra-restaurant\/files\/2016\/08\/tofu-1024x674-360x275.jpg\" width=\"360\" height=\"275\" title=\"Asian Pudding\" alt=\"Asian Pudding\"> <\/a> <h3> <a href=\"https:\/\/themify.me\/demo\/themes\/ultra-restaurant\/files\/2016\/08\/tofu-1024x674.jpg\"> Asian Pudding <\/a> <\/h3>\n<a href=\"https:\/\/themify.me\/demo\/themes\/ultra-restaurant\/files\/2016\/08\/food-1130949_1920-1024x682.jpg\"> <img src=\"https:\/\/themify.me\/demo\/themes\/ultra-restaurant\/files\/2016\/08\/food-1130949_1920-1024x682-360x275.jpg\" width=\"360\" height=\"275\" title=\"Chicken Salad\" alt=\"Chicken Salad\"> <\/a> <h3> <a href=\"https:\/\/themify.me\/demo\/themes\/ultra-restaurant\/files\/2016\/08\/food-1130949_1920-1024x682.jpg\"> Chicken Salad <\/a> <\/h3>\n<a href=\"https:\/\/themify.me\/demo\/themes\/ultra-restaurant\/files\/2016\/08\/lasagne-1178514-1024x682.jpg\"> <img src=\"https:\/\/themify.me\/demo\/themes\/ultra-restaurant\/files\/2016\/08\/lasagne-1178514-1024x682-360x275.jpg\" width=\"360\" height=\"275\" title=\"Italian Lasagna\" alt=\"Italian Lasagna\"> <\/a> <h3> <a href=\"https:\/\/themify.me\/demo\/themes\/ultra-restaurant\/files\/2016\/08\/lasagne-1178514-1024x682.jpg\"> Italian Lasagna <\/a> <\/h3>\n<a href=\"https:\/\/themify.me\/demo\/themes\/ultra-restaurant\/files\/2016\/08\/pudding-702960-1024x685.jpg\"> <img src=\"https:\/\/themify.me\/demo\/themes\/ultra-restaurant\/files\/2016\/08\/pudding-702960-1024x685-360x275.jpg\" width=\"360\" height=\"275\" title=\"Vanila Almond Desert Pudding \" alt=\"Vanila Almond Desert Pudding \"> <\/a> <h3> <a href=\"https:\/\/themify.me\/demo\/themes\/ultra-restaurant\/files\/2016\/08\/pudding-702960-1024x685.jpg\"> Vanila Almond Desert Pudding <\/a> <\/h3>\n<a href=\"https:\/\/themify.me\/demo\/themes\/ultra-restaurant\/files\/2016\/08\/pizza-346985_1920-1024x682.jpg\"> <img src=\"https:\/\/tematinska.yummycantina.sk\/wp-content\/uploads\/2021\/11\/MENU-TEM15-19.11.2021_page-0001-725x1024-360x275.jpg\" width=\"360\" height=\"275\" title=\"Veggie Pizza\" alt=\"Veggie Pizza\"> <\/a> <h3> <a href=\"https:\/\/themify.me\/demo\/themes\/ultra-restaurant\/files\/2016\/08\/pizza-346985_1920-1024x682.jpg\"> Veggie Pizza <\/a> <\/h3>","_links":{"self":[{"href":"https:\/\/tematinska.yummycantina.sk\/index.php\/wp-json\/wp\/v2\/pages\/23","targetHints":{"allow":["GET"]}}],"collection":[{"href":"https:\/\/tematinska.yummycantina.sk\/index.php\/wp-json\/wp\/v2\/pages"}],"about":[{"href":"https:\/\/tematinska.yummycantina.sk\/index.php\/wp-json\/wp\/v2\/types\/page"}],"author":[{"embeddable":true,"href":"https:\/\/tematinska.yummycantina.sk\/index.php\/wp-json\/wp\/v2\/users\/1"}],"replies":[{"embeddable":true,"href":"https:\/\/tematinska.yummycantina.sk\/index.php\/wp-json\/wp\/v2\/comments?post=23"}],"version-history":[{"count":386,"href":"https:\/\/tematinska.yummycantina.sk\/index.php\/wp-json\/wp\/v2\/pages\/23\/revisions"}],"predecessor-version":[{"id":967,"href":"https:\/\/tematinska.yummycantina.sk\/index.php\/wp-json\/wp\/v2\/pages\/23\/revisions\/967"}],"wp:featuredmedia":[{"embeddable":true,"href":"https:\/\/tematinska.yummycantina.sk\/index.php\/wp-json\/wp\/v2\/media\/110"}],"wp:attachment":[{"href":"https:\/\/tematinska.yummycantina.sk\/index.php\/wp-json\/wp\/v2\/media?parent=23"}],"curies":[{"name":"wp","href":"https:\/\/api.w.org\/{rel}","templated":true}]}}