{"id":21,"date":"2021-11-11T07:55:00","date_gmt":"2021-11-11T06:55:00","guid":{"rendered":"https:\/\/themify.me\/demo\/themes\/ultra-restaurant\/?page_id=5654"},"modified":"2022-01-19T13:47:13","modified_gmt":"2022-01-19T12:47:13","slug":"kontakt","status":"publish","type":"page","link":"https:\/\/tematinska.yummycantina.sk\/index.php\/kontakt\/","title":{"rendered":"Kontakt"},"content":{"rendered":"<!--themify_builder_content-->\n<div id=\"themify_builder_content-21\" data-postid=\"21\" class=\"themify_builder_content themify_builder_content-21 themify_builder tf_clear\">\n                    <div  data-lazy=\"1\" class=\"module_row themify_builder_row tb_nde466 tb_first tf_w\">\n            <span  class=\"builder_row_cover tf_abs\" data-lazy=\"1\"><\/span>            <div class=\"row_inner col_align_top tb_col_count_1 tf_box tf_rel\">\n                        <div  data-lazy=\"1\" class=\"module_column tb-column col-full tb_tivg66 first\">\n                    <!-- module fancy heading -->\n<div  class=\"module module-fancy-heading tb_8vge67  tb_hide_divider\" data-lazy=\"1\">\n        <h1 class=\"fancy-heading\">\n    <span class=\"main-head tf_block\">\n                    <span class=\"maketable\">\n\t\t\t\t\t\t\t<span class=\"addBorder\"><\/span>\n\t\t\t\t\t\t\t<span class=\"fork-icon\"><\/span>\n\t\t\t\t\t\t\t<span class=\"addBorder\"><\/span>\n\t\t\t\t\t\t\t<\/span>\n\t\t\t\t\t\t\tKontaktujte N\u00e1s\n\t\t\t\t\t\t\t<span class=\"bottomBorder\"><\/span>            <\/span>\n\n    \n    <span class=\"sub-head tf_block tf_rel\">\n                                <\/span>\n    <\/h1>\n<\/div>\n<!-- \/module fancy heading -->\n        <\/div>\n                        <\/div>\n        <\/div>\n                        <div  data-lazy=\"1\" class=\"module_row themify_builder_row tb_tov9688 tf_w\">\n                        <div class=\"row_inner col_align_top tb_col_count_1 tf_box tf_rel\">\n                        <div  data-lazy=\"1\" class=\"module_column tb-column col-full tb_e9dv689 first\">\n                    <!-- module text -->\n<div  class=\"module module-text tb_qp53689   \" data-lazy=\"1\">\n        <div  class=\"tb_text_wrap\">\n        <p style=\"text-align: center;\">Yummy je zna\u010dka p\u00f4sobiaca na slovenskom trhu v oblasti gastron\u00f3mie. Hlavnou \u010dinnos\u0165ou na\u0161ej spolo\u010dnosti je poskytovanie plnohodnotnej stravy z \u010derstv\u00fdch surov\u00edn a kvalitn\u00e9ho m\u00e4sa. Sme hrd\u00ed na to, \u010do doma m\u00e1me, preto si slovensk\u00fa kvalitu na Slovensku chceme aj na\u010falej udr\u017ea\u0165.<\/p>    <\/div>\n<\/div>\n<!-- \/module text --><!-- module contact -->\n<div  id=\"tb_e8d3690\" class=\"module module-contact tb_e8d3690 contact-style2 \" data-lazy=\"1\">\n    \n\t<form class=\"builder-contact\"\n\t\tid=\"tb_e8d3690-form\"\n\t\tmethod=\"post\"\n\t\tdata-post-id=\"21\"\n\t\tdata-element-id=\"e8d3690\"\n\t\tdata-orig-id=\"21\"\n\t>\n    <div class=\"contact-message\"><\/div>\n\t<input type=\"hidden\" id=\"bc_nonce\" name=\"bc_nonce\" value=\"65d34509af\" \/><input type=\"hidden\" name=\"_wp_http_referer\" value=\"\/index.php\/wp-json\/wp\/v2\/pages\/21\" \/>\t<div class=\"builder-contact-fields tf_rel\">\n\t\t    \t\t    <div class=\"builder-contact-field builder-contact-field-name builder-contact-text-field\">\n\t\t\t    <label class=\"control-label\" for=\"tb_e8d3690-contact-name\">\n\t\t\t\t\t\t\t\t\t\t<span class=\"tb-label-span\">Meno: <\/span><span class=\"required\">*<\/span>\t\t\t\t<\/label>\n\t\t\t    <div class=\"control-input tf_rel\">\n\t\t\t\t    \t\t\t\t\t    <input type=\"text\" name=\"contact-name\" placeholder=\"\" id=\"tb_e8d3690-contact-name\" value=\"\" class=\"form-control\" required>\n\t\t\t\t    \t\t\t\t    \t\t\t    <\/div>\n\t\t<\/div>\n\t    \n\t\t    \t\t    <div class=\"builder-contact-field builder-contact-field-email builder-contact-text-field\">\n\t\t\t    <label class=\"control-label\" for=\"tb_e8d3690-contact-email\">\n\t\t\t\t\t\t\t\t\t\t<span class=\"tb-label-span\">Email: <\/span><span class=\"required\">*<\/span>\t\t\t\t<\/label>\n\t\t\t    <div class=\"control-input tf_rel\">\n\t\t\t\t    \t\t\t\t\t    <input type=\"email\" name=\"contact-email\" placeholder=\"\" id=\"tb_e8d3690-contact-email\" value=\"\" class=\"form-control\" required>\n\t\t\t\t    \t\t\t\t    \t\t\t    <\/div>\n\t\t<\/div>\n\t    \n\t\t    \t\t    <div class=\"builder-contact-field builder-contact-field-subject builder-contact-text-field\">\n\t\t\t    <label class=\"control-label\" for=\"tb_e8d3690-contact-subject\">\n\t\t\t\t\t\t\t\t\t\t<span class=\"tb-label-span\">Predmet <\/span><span class=\"required\">*<\/span>\t\t\t\t<\/label>\n\t\t\t    <div class=\"control-input tf_rel\">\n\t\t\t\t    \t\t\t\t\t    <input type=\"text\" name=\"contact-subject\" placeholder=\"\" id=\"tb_e8d3690-contact-subject\" value=\"\" class=\"form-control\" required>\n\t\t\t\t    \t\t\t\t    \t\t\t    <\/div>\n\t\t<\/div>\n\t    \n\t\t    \t\t    <div class=\"builder-contact-field builder-contact-field-message builder-contact-textarea-field\">\n\t\t\t    <label class=\"control-label\" for=\"tb_e8d3690-contact-message\">\n\t\t\t\t\t\t\t\t\t\t<span class=\"tb-label-span\">Spr\u00e1va: <\/span>\t\t\t\t<\/label>\n\t\t\t    <div class=\"control-input tf_rel\">\n\t\t\t\t    \t\t\t\t\t    <textarea name=\"contact-message\" placeholder=\"\" id=\"tb_e8d3690-contact-message\" class=\"form-control\"><\/textarea>\n\t\t\t\t    \t\t\t\t    \t\t\t    <\/div>\n\t\t<\/div>\n\t    \n\t\t    \t\t\n\t\t\t\t\t<div class=\"builder-contact-field builder-contact-field-gdpr\">\n\t\t\t\t<div class=\"control-label\">\n\t\t\t\t\t<div class=\"control-input tf_rel\">\n\t\t\t\t\t\t<label class=\"field-gdpr\">\n\t\t\t\t\t\t\t<input type=\"checkbox\" name=\"gdpr\" value=\"1\" required>\n\t\t\t\t\t\t\t<span>S\u00fahlas\u00edm so spracovan\u00edm osobn\u00fdch \u00fadajov<\/span>\n\t\t\t\t\t\t\t<span class=\"required\">*<\/span>\n\t\t\t\t\t\t<\/label>\n\t\t\t\t\t<\/div>\n\t\t\t\t<\/div>\n\t\t\t<\/div>\n\t\t\n\t    \t\t\t<div class=\"builder-contact-field builder-contact-field-captcha\">\n\n\t\t\t\t\n\t\t\t\t<div class=\"control-input tf_rel\">\n                    <div class=\"themify_captcha_field \" data-sitekey=\"6Le8kCIeAAAAABdi0ccdflUFw6fhZHLEdaQELM3l\" data-ver=\"v3\"><\/div>\t\t\t\t<\/div>\n\n\t\t\t<\/div><!-- .builder-contact-field-captcha -->\n\t    \n\t    <div class=\"builder-contact-field builder-contact-field-send control-input tf_textc tf_clear tf_rel\">\n\t\t\t<button type=\"submit\" class=\"btn btn-primary\">\n\t\t\t\t<span class=\"tf_loader\"><\/span>\t\t\t\t<span class=\"tf_submit_icon\"><\/span> \n\t\t\t\tOdosla\u0165\t\t\t<\/button>\n\t    <\/div>\n\t<\/div>\n    <\/form>\n    <\/div>\n<!-- \/module contact -->\n        <\/div>\n                        <\/div>\n        <\/div>\n                        <div  data-css_id=\"ox5g585\" data-lazy=\"1\" class=\"module_row themify_builder_row fullwidth tb_ox5g585 tf_w\">\n                        <div class=\"row_inner col_align_top tb_col_count_1 tf_box tf_rel\">\n                        <div  data-lazy=\"1\" class=\"module_column tb-column col-full tb_myr2606 first\">\n                            <\/div>\n                        <\/div>\n        <\/div>\n        <\/div>\n<!--\/themify_builder_content-->","protected":false},"excerpt":{"rendered":"<p>Kontaktujte N\u00e1s Yummy je zna\u010dka p\u00f4sobiaca na slovenskom trhu v oblasti gastron\u00f3mie. Hlavnou \u010dinnos\u0165ou na\u0161ej spolo\u010dnosti je poskytovanie plnohodnotnej stravy z \u010derstv\u00fdch surov\u00edn a kvalitn\u00e9ho m\u00e4sa. Sme hrd\u00ed na to, \u010do doma m\u00e1me, preto si slovensk\u00fa kvalitu na Slovensku chceme aj na\u010falej udr\u017ea\u0165. Meno: * Email: * Predmet * Spr\u00e1va: * S\u00fahlas\u00edm so spracovan\u00edm osobn\u00fdch [&hellip;]<\/p>\n","protected":false},"author":1,"featured_media":110,"parent":0,"menu_order":0,"comment_status":"closed","ping_status":"closed","template":"","meta":{"footnotes":""},"class_list":["post-21","page","type-page","status-publish","has-post-thumbnail","hentry","has-post-title","has-post-date","has-post-category","has-post-tag","has-post-comment","has-post-author",""],"yoast_head":"<!-- This site is optimized with the Yoast SEO plugin v17.5 - https:\/\/yoast.com\/wordpress\/plugins\/seo\/ -->\n<title>Kontakt - Yummy Temat\u00ednska<\/title>\n<meta name=\"robots\" content=\"index, follow, max-snippet:-1, max-image-preview:large, max-video-preview:-1\" \/>\n<link rel=\"canonical\" href=\"https:\/\/tematinska.yummycantina.sk\/index.php\/kontakt\/\" \/>\n<meta property=\"og:locale\" content=\"sk_SK\" \/>\n<meta property=\"og:type\" content=\"article\" \/>\n<meta property=\"og:title\" content=\"Kontakt - Yummy Temat\u00ednska\" \/>\n<meta property=\"og:description\" content=\"Kontaktujte N\u00e1s Yummy je zna\u010dka p\u00f4sobiaca na slovenskom trhu v oblasti gastron\u00f3mie. Hlavnou \u010dinnos\u0165ou na\u0161ej spolo\u010dnosti je poskytovanie plnohodnotnej stravy z \u010derstv\u00fdch surov\u00edn a kvalitn\u00e9ho m\u00e4sa. Sme hrd\u00ed na to, \u010do doma m\u00e1me, preto si slovensk\u00fa kvalitu na Slovensku chceme aj na\u010falej udr\u017ea\u0165. Meno: * Email: * Predmet * Spr\u00e1va: * S\u00fahlas\u00edm so spracovan\u00edm osobn\u00fdch [&hellip;]\" \/>\n<meta property=\"og:url\" content=\"https:\/\/tematinska.yummycantina.sk\/index.php\/kontakt\/\" \/>\n<meta property=\"og:site_name\" content=\"Yummy Temat\u00ednska\" \/>\n<meta property=\"article:modified_time\" content=\"2022-01-19T12:47:13+00:00\" \/>\n<meta property=\"og:image\" content=\"https:\/\/tematinska.yummycantina.sk\/wp-content\/uploads\/2021\/10\/yummy-e1634137002894.png\" \/>\n\t<meta property=\"og:image:width\" content=\"457\" \/>\n\t<meta property=\"og:image:height\" content=\"254\" \/>\n<meta name=\"twitter:card\" content=\"summary_large_image\" \/>\n<script type=\"application\/ld+json\" class=\"yoast-schema-graph\">{\"@context\":\"https:\/\/schema.org\",\"@graph\":[{\"@type\":\"Organization\",\"@id\":\"https:\/\/tematinska.yummycantina.sk\/#organization\",\"name\":\"Yummy Temat\\u00ednska\",\"url\":\"https:\/\/tematinska.yummycantina.sk\/\",\"sameAs\":[],\"logo\":{\"@type\":\"ImageObject\",\"@id\":\"https:\/\/tematinska.yummycantina.sk\/#logo\",\"inLanguage\":\"sk-SK\",\"url\":\"https:\/\/tematinska.yummycantina.sk\/wp-content\/uploads\/2021\/10\/yummy-e1634137002894.png\",\"contentUrl\":\"https:\/\/tematinska.yummycantina.sk\/wp-content\/uploads\/2021\/10\/yummy-e1634137002894.png\",\"width\":457,\"height\":254,\"caption\":\"Yummy Temat\\u00ednska\"},\"image\":{\"@id\":\"https:\/\/tematinska.yummycantina.sk\/#logo\"}},{\"@type\":\"WebSite\",\"@id\":\"https:\/\/tematinska.yummycantina.sk\/#website\",\"url\":\"https:\/\/tematinska.yummycantina.sk\/\",\"name\":\"Yummy Temat\\u00ednska\",\"description\":\"Temat\\u00ednska\",\"publisher\":{\"@id\":\"https:\/\/tematinska.yummycantina.sk\/#organization\"},\"potentialAction\":[{\"@type\":\"SearchAction\",\"target\":{\"@type\":\"EntryPoint\",\"urlTemplate\":\"https:\/\/tematinska.yummycantina.sk\/?s={search_term_string}\"},\"query-input\":\"required name=search_term_string\"}],\"inLanguage\":\"sk-SK\"},{\"@type\":\"ImageObject\",\"@id\":\"https:\/\/tematinska.yummycantina.sk\/index.php\/kontakt\/#primaryimage\",\"inLanguage\":\"sk-SK\",\"url\":\"https:\/\/tematinska.yummycantina.sk\/wp-content\/uploads\/2021\/10\/yummy-e1634137002894.png\",\"contentUrl\":\"https:\/\/tematinska.yummycantina.sk\/wp-content\/uploads\/2021\/10\/yummy-e1634137002894.png\",\"width\":457,\"height\":254},{\"@type\":\"WebPage\",\"@id\":\"https:\/\/tematinska.yummycantina.sk\/index.php\/kontakt\/#webpage\",\"url\":\"https:\/\/tematinska.yummycantina.sk\/index.php\/kontakt\/\",\"name\":\"Kontakt - Yummy Temat\\u00ednska\",\"isPartOf\":{\"@id\":\"https:\/\/tematinska.yummycantina.sk\/#website\"},\"primaryImageOfPage\":{\"@id\":\"https:\/\/tematinska.yummycantina.sk\/index.php\/kontakt\/#primaryimage\"},\"datePublished\":\"2021-11-11T06:55:00+00:00\",\"dateModified\":\"2022-01-19T12:47:13+00:00\",\"breadcrumb\":{\"@id\":\"https:\/\/tematinska.yummycantina.sk\/index.php\/kontakt\/#breadcrumb\"},\"inLanguage\":\"sk-SK\",\"potentialAction\":[{\"@type\":\"ReadAction\",\"target\":[\"https:\/\/tematinska.yummycantina.sk\/index.php\/kontakt\/\"]}]},{\"@type\":\"BreadcrumbList\",\"@id\":\"https:\/\/tematinska.yummycantina.sk\/index.php\/kontakt\/#breadcrumb\",\"itemListElement\":[{\"@type\":\"ListItem\",\"position\":1,\"name\":\"Domovsk\\u00e1 str\\u00e1nka\",\"item\":\"https:\/\/tematinska.yummycantina.sk\/\"},{\"@type\":\"ListItem\",\"position\":2,\"name\":\"Kontakt\"}]}]}<\/script>\n<!-- \/ Yoast SEO plugin. -->","yoast_head_json":{"title":"Kontakt - Yummy Temat\u00ednska","robots":{"index":"index","follow":"follow","max-snippet":"max-snippet:-1","max-image-preview":"max-image-preview:large","max-video-preview":"max-video-preview:-1"},"canonical":"https:\/\/tematinska.yummycantina.sk\/index.php\/kontakt\/","og_locale":"sk_SK","og_type":"article","og_title":"Kontakt - Yummy Temat\u00ednska","og_description":"Kontaktujte N\u00e1s Yummy je zna\u010dka p\u00f4sobiaca na slovenskom trhu v oblasti gastron\u00f3mie. Hlavnou \u010dinnos\u0165ou na\u0161ej spolo\u010dnosti je poskytovanie plnohodnotnej stravy z \u010derstv\u00fdch surov\u00edn a kvalitn\u00e9ho m\u00e4sa. Sme hrd\u00ed na to, \u010do doma m\u00e1me, preto si slovensk\u00fa kvalitu na Slovensku chceme aj na\u010falej udr\u017ea\u0165. Meno: * Email: * Predmet * Spr\u00e1va: * S\u00fahlas\u00edm so spracovan\u00edm osobn\u00fdch [&hellip;]","og_url":"https:\/\/tematinska.yummycantina.sk\/index.php\/kontakt\/","og_site_name":"Yummy Temat\u00ednska","article_modified_time":"2022-01-19T12:47:13+00:00","og_image":[{"width":457,"height":254,"url":"https:\/\/tematinska.yummycantina.sk\/wp-content\/uploads\/2021\/10\/yummy-e1634137002894.png","type":"image\/png"}],"twitter_card":"summary_large_image","schema":{"@context":"https:\/\/schema.org","@graph":[{"@type":"Organization","@id":"https:\/\/tematinska.yummycantina.sk\/#organization","name":"Yummy Temat\u00ednska","url":"https:\/\/tematinska.yummycantina.sk\/","sameAs":[],"logo":{"@type":"ImageObject","@id":"https:\/\/tematinska.yummycantina.sk\/#logo","inLanguage":"sk-SK","url":"https:\/\/tematinska.yummycantina.sk\/wp-content\/uploads\/2021\/10\/yummy-e1634137002894.png","contentUrl":"https:\/\/tematinska.yummycantina.sk\/wp-content\/uploads\/2021\/10\/yummy-e1634137002894.png","width":457,"height":254,"caption":"Yummy Temat\u00ednska"},"image":{"@id":"https:\/\/tematinska.yummycantina.sk\/#logo"}},{"@type":"WebSite","@id":"https:\/\/tematinska.yummycantina.sk\/#website","url":"https:\/\/tematinska.yummycantina.sk\/","name":"Yummy Temat\u00ednska","description":"Temat\u00ednska","publisher":{"@id":"https:\/\/tematinska.yummycantina.sk\/#organization"},"potentialAction":[{"@type":"SearchAction","target":{"@type":"EntryPoint","urlTemplate":"https:\/\/tematinska.yummycantina.sk\/?s={search_term_string}"},"query-input":"required name=search_term_string"}],"inLanguage":"sk-SK"},{"@type":"ImageObject","@id":"https:\/\/tematinska.yummycantina.sk\/index.php\/kontakt\/#primaryimage","inLanguage":"sk-SK","url":"https:\/\/tematinska.yummycantina.sk\/wp-content\/uploads\/2021\/10\/yummy-e1634137002894.png","contentUrl":"https:\/\/tematinska.yummycantina.sk\/wp-content\/uploads\/2021\/10\/yummy-e1634137002894.png","width":457,"height":254},{"@type":"WebPage","@id":"https:\/\/tematinska.yummycantina.sk\/index.php\/kontakt\/#webpage","url":"https:\/\/tematinska.yummycantina.sk\/index.php\/kontakt\/","name":"Kontakt - Yummy Temat\u00ednska","isPartOf":{"@id":"https:\/\/tematinska.yummycantina.sk\/#website"},"primaryImageOfPage":{"@id":"https:\/\/tematinska.yummycantina.sk\/index.php\/kontakt\/#primaryimage"},"datePublished":"2021-11-11T06:55:00+00:00","dateModified":"2022-01-19T12:47:13+00:00","breadcrumb":{"@id":"https:\/\/tematinska.yummycantina.sk\/index.php\/kontakt\/#breadcrumb"},"inLanguage":"sk-SK","potentialAction":[{"@type":"ReadAction","target":["https:\/\/tematinska.yummycantina.sk\/index.php\/kontakt\/"]}]},{"@type":"BreadcrumbList","@id":"https:\/\/tematinska.yummycantina.sk\/index.php\/kontakt\/#breadcrumb","itemListElement":[{"@type":"ListItem","position":1,"name":"Domovsk\u00e1 str\u00e1nka","item":"https:\/\/tematinska.yummycantina.sk\/"},{"@type":"ListItem","position":2,"name":"Kontakt"}]}]}},"builder_content":"<h1>Kontaktujte N\u00e1s<br\/><\/h1>\n<p style=\"text-align: center;\">Yummy je zna\u010dka p\u00f4sobiaca na slovenskom trhu v oblasti gastron\u00f3mie. Hlavnou \u010dinnos\u0165ou na\u0161ej spolo\u010dnosti je poskytovanie plnohodnotnej stravy z \u010derstv\u00fdch surov\u00edn a kvalitn\u00e9ho m\u00e4sa. Sme hrd\u00ed na to, \u010do doma m\u00e1me, preto si slovensk\u00fa kvalitu na Slovensku chceme aj na\u010falej udr\u017ea\u0165.<\/p>\n<form id=\"tb_e8d3690-form\" method=\"post\" data-post-id=\"0\" data-element-id=\"e8d3690\" data-orig-id=\"21\" > <input type=\"hidden\" id=\"bc_nonce\" name=\"bc_nonce\" value=\"65d34509af\" \/><input type=\"hidden\" name=\"_wp_http_referer\" value=\"\/index.php\/wp-json\/wp\/v2\/pages\/21\" \/> <label for=\"tb_e8d3690-contact-name\"> Meno: * <\/label> <input type=\"text\" name=\"contact-name\" placeholder=\"\" id=\"tb_e8d3690-contact-name\" value=\"\" required> <label for=\"tb_e8d3690-contact-email\"> Email: * <\/label> <input type=\"email\" name=\"contact-email\" placeholder=\"\" id=\"tb_e8d3690-contact-email\" value=\"\" required> <label for=\"tb_e8d3690-contact-subject\"> Predmet * <\/label> <input type=\"text\" name=\"contact-subject\" placeholder=\"\" id=\"tb_e8d3690-contact-subject\" value=\"\" required> <label for=\"tb_e8d3690-contact-message\"> Spr\u00e1va: <\/label> <textarea name=\"contact-message\" placeholder=\"\" id=\"tb_e8d3690-contact-message\"><\/textarea> <label> <input type=\"checkbox\" name=\"gdpr\" value=\"1\" required> S\u00fahlas\u00edm so spracovan\u00edm osobn\u00fdch \u00fadajov * <\/label> \n \n <button type=\"submit\"> Odosla\u0165 <\/button> <\/form>","_links":{"self":[{"href":"https:\/\/tematinska.yummycantina.sk\/index.php\/wp-json\/wp\/v2\/pages\/21","targetHints":{"allow":["GET"]}}],"collection":[{"href":"https:\/\/tematinska.yummycantina.sk\/index.php\/wp-json\/wp\/v2\/pages"}],"about":[{"href":"https:\/\/tematinska.yummycantina.sk\/index.php\/wp-json\/wp\/v2\/types\/page"}],"author":[{"embeddable":true,"href":"https:\/\/tematinska.yummycantina.sk\/index.php\/wp-json\/wp\/v2\/users\/1"}],"replies":[{"embeddable":true,"href":"https:\/\/tematinska.yummycantina.sk\/index.php\/wp-json\/wp\/v2\/comments?post=21"}],"version-history":[{"count":19,"href":"https:\/\/tematinska.yummycantina.sk\/index.php\/wp-json\/wp\/v2\/pages\/21\/revisions"}],"predecessor-version":[{"id":317,"href":"https:\/\/tematinska.yummycantina.sk\/index.php\/wp-json\/wp\/v2\/pages\/21\/revisions\/317"}],"wp:featuredmedia":[{"embeddable":true,"href":"https:\/\/tematinska.yummycantina.sk\/index.php\/wp-json\/wp\/v2\/media\/110"}],"wp:attachment":[{"href":"https:\/\/tematinska.yummycantina.sk\/index.php\/wp-json\/wp\/v2\/media?parent=21"}],"curies":[{"name":"wp","href":"https:\/\/api.w.org\/{rel}","templated":true}]}}